{"id":26,"date":"2015-11-07T11:51:01","date_gmt":"2015-11-07T10:51:01","guid":{"rendered":"http:\/\/cboudiaf-naturo.fr\/?page_id=26"},"modified":"2025-04-06T11:03:09","modified_gmt":"2025-04-06T09:03:09","slug":"bien-etre","status":"publish","type":"page","link":"http:\/\/cboudiaf-naturo.fr\/index.php\/bien-etre\/","title":{"rendered":"Le bien-\u00eatre"},"content":{"rendered":"<p><span style=\"font-size: 14pt;\">Les diff\u00e9rentes prestations bien-\u00eatre\u00a0<\/span><\/p>\n<p>&nbsp;<\/p>\n<p><span style=\"font-size: 14pt;\">Modelage californien aux huiles essentielles :<\/span><\/p>\n<p><span style=\"font-size: 12pt;\">Dans un but de d\u00e9tente ou th\u00e9rapeutique. Onctions aromatiques harmonisantes. Elles se caract\u00e9risent par des mouvements fluides, effleurages, p\u00e9trissage, vibration&#8230; et favorisent le l\u00e2cher prise. Elles d\u00e9nouent les tensions et d\u00e9tendent en profondeur. En agissant sur le syst\u00e8me nerveux, les huiles stimulent la circulation sanguine et lymphatique. Elles diminuent les probl\u00e8mes fonctionnels li\u00e9s au stress.<\/span><\/p>\n<p>&nbsp;<\/p>\n<p><span style=\"font-size: 14pt;\">Pierres chaudes:<\/span><\/p>\n<p><span style=\"font-size: 12pt;\">D\u00e9couvrez la douceur des pierres et laissez vous envahir par une vague de chaleur. Ce massage a pour vertu de diminuer le stress, de relancer la circulation sanguine et lymphatique, de relaxer et d&rsquo;apaiser les tensions musculaires.<\/span><\/p>\n<p>&nbsp;<\/p>\n<p><span style=\"font-size: 14pt;\">R\u00e9flexologie plantaire :<\/span><\/p>\n<p><span style=\"font-size: 12pt;\">Massage des pieds avec stimulation des zones r\u00e9flexes correspondants aux diff\u00e9rents organes. Ces stimulations dynamisent les parties du corps en relation avec ces zones r\u00e9flexes, r\u00e9activent leurs fonctions et r\u00e9\u00e9quilibrent les \u00e9nergies. L\u2019objectif est de relaxer, d\u00e9tendre, relancer les processus naturels et procurer du bien-\u00eatre au quotidien.<\/span><\/p>\n<p>&nbsp;<\/p>\n<p><span style=\"font-size: 14pt;\">Harmonisation manuelle aux huiles essentielles :<\/span><\/p>\n<p><span style=\"font-size: 12pt;\">S\u00e9ance bien-\u00eatre relaxante aux huiles essentielles.<\/span><\/p>\n<p>&nbsp;<\/p>\n<p><span style=\"font-size: 14pt;\">Relaxation :<\/span><\/p>\n<p><span style=\"font-size: 12pt;\">Suite \u00e0 un bilan, elle est adapt\u00e9e aux besoins du patient et permet de retrouver \u00e9quilibre et harmonie.<\/span><\/p>\n<p>&nbsp;<\/p>\n<p><span style=\"font-size: 14pt;\">S\u00e9ances individuelles de yoga :<\/span><\/p>\n<p>&nbsp;<\/p>\n<p style=\"text-align: center;\"><em><span style=\"font-size: 14pt; color: #ff0000;\">(non sexuel, pas s\u00e9rieux s&rsquo;abstenir).<\/span><\/em><\/p>\n","protected":false},"excerpt":{"rendered":"<p>Les diff\u00e9rentes prestations bien-\u00eatre\u00a0 &nbsp; Modelage californien aux huiles essentielles : Dans un but de d\u00e9tente ou th\u00e9rapeutique. Onctions aromatiques harmonisantes. Elles se caract\u00e9risent par des mouvements fluides, effleurages, p\u00e9trissage, vibration&#8230; et favorisent le l\u00e2cher prise. Elles d\u00e9nouent les tensions et d\u00e9tendent en profondeur. En agissant sur le syst\u00e8me nerveux, les huiles stimulent la circulation&hellip;&nbsp;<a href=\"http:\/\/cboudiaf-naturo.fr\/index.php\/bien-etre\/\" rel=\"bookmark\">Lire la suite &raquo;<span class=\"screen-reader-text\">Le bien-\u00eatre<\/span><\/a><\/p>\n","protected":false},"author":1,"featured_media":0,"parent":0,"menu_order":0,"comment_status":"closed","ping_status":"closed","template":"","meta":{"neve_meta_sidebar":"full-width","neve_meta_container":"","neve_meta_enable_content_width":"off","neve_meta_content_width":70,"neve_meta_title_alignment":"","neve_meta_author_avatar":"","neve_post_elements_order":"","neve_meta_disable_header":"","neve_meta_disable_footer":"","neve_meta_disable_title":"","_themeisle_gutenberg_block_has_review":false,"footnotes":""},"class_list":["post-26","page","type-page","status-publish","hentry"],"yoast_head":"<!-- This site is optimized with the Yoast SEO plugin v27.5 - https:\/\/yoast.com\/product\/yoast-seo-wordpress\/ -->\n<title>Les prestations de bien-\u00eatre, massages, relaxation, yoga.<\/title>\n<meta name=\"description\" content=\"Le Bien-Etre, Modelage et harmonisation manuelle aux huiles essentielles, pierres chaudes, r\u00e9flexologie plantaire, relaxation et cours individuels de Yoga\" \/>\n<meta name=\"robots\" content=\"index, follow, max-snippet:-1, max-image-preview:large, max-video-preview:-1\" \/>\n<link rel=\"canonical\" href=\"http:\/\/cboudiaf-naturo.fr\/index.php\/bien-etre\/\" \/>\n<meta property=\"og:locale\" content=\"fr_FR\" \/>\n<meta property=\"og:type\" content=\"article\" \/>\n<meta property=\"og:title\" content=\"Les prestations de bien-\u00eatre, massages, relaxation, yoga.\" \/>\n<meta property=\"og:description\" content=\"Le Bien-Etre, Modelage et harmonisation manuelle aux huiles essentielles, pierres chaudes, r\u00e9flexologie plantaire, relaxation et cours individuels de Yoga\" \/>\n<meta property=\"og:url\" content=\"http:\/\/cboudiaf-naturo.fr\/index.php\/bien-etre\/\" \/>\n<meta property=\"og:site_name\" content=\"Catherine BOUDIAF Naturopathe\" \/>\n<meta property=\"article:modified_time\" content=\"2025-04-06T09:03:09+00:00\" \/>\n<meta name=\"twitter:card\" content=\"summary_large_image\" \/>\n<meta name=\"twitter:label1\" content=\"Dur\u00e9e de lecture estim\u00e9e\" \/>\n\t<meta name=\"twitter:data1\" content=\"1 minute\" \/>\n<script type=\"application\/ld+json\" class=\"yoast-schema-graph\">{\"@context\":\"https:\\\/\\\/schema.org\",\"@graph\":[{\"@type\":\"WebPage\",\"@id\":\"http:\\\/\\\/cboudiaf-naturo.fr\\\/index.php\\\/bien-etre\\\/\",\"url\":\"http:\\\/\\\/cboudiaf-naturo.fr\\\/index.php\\\/bien-etre\\\/\",\"name\":\"Les prestations de bien-\u00eatre, massages, relaxation, yoga.\",\"isPartOf\":{\"@id\":\"https:\\\/\\\/cboudiaf-naturo.fr\\\/#website\"},\"datePublished\":\"2015-11-07T10:51:01+00:00\",\"dateModified\":\"2025-04-06T09:03:09+00:00\",\"description\":\"Le Bien-Etre, Modelage et harmonisation manuelle aux huiles essentielles, pierres chaudes, r\u00e9flexologie plantaire, relaxation et cours individuels de Yoga\",\"breadcrumb\":{\"@id\":\"http:\\\/\\\/cboudiaf-naturo.fr\\\/index.php\\\/bien-etre\\\/#breadcrumb\"},\"inLanguage\":\"fr-FR\",\"potentialAction\":[{\"@type\":\"ReadAction\",\"target\":[\"http:\\\/\\\/cboudiaf-naturo.fr\\\/index.php\\\/bien-etre\\\/\"]}]},{\"@type\":\"BreadcrumbList\",\"@id\":\"http:\\\/\\\/cboudiaf-naturo.fr\\\/index.php\\\/bien-etre\\\/#breadcrumb\",\"itemListElement\":[{\"@type\":\"ListItem\",\"position\":1,\"name\":\"Accueil\",\"item\":\"https:\\\/\\\/cboudiaf-naturo.fr\\\/\"},{\"@type\":\"ListItem\",\"position\":2,\"name\":\"Le bien-\u00eatre\"}]},{\"@type\":\"WebSite\",\"@id\":\"https:\\\/\\\/cboudiaf-naturo.fr\\\/#website\",\"url\":\"https:\\\/\\\/cboudiaf-naturo.fr\\\/\",\"name\":\"Catherine BOUDIAF Naturopathe\",\"description\":\"naturopathie gestion du stress yoga massages bien-\u00eatre\",\"publisher\":{\"@id\":\"https:\\\/\\\/cboudiaf-naturo.fr\\\/#\\\/schema\\\/person\\\/55aac6cee9f9fdafb789f2c511ff93bd\"},\"potentialAction\":[{\"@type\":\"SearchAction\",\"target\":{\"@type\":\"EntryPoint\",\"urlTemplate\":\"https:\\\/\\\/cboudiaf-naturo.fr\\\/?s={search_term_string}\"},\"query-input\":{\"@type\":\"PropertyValueSpecification\",\"valueRequired\":true,\"valueName\":\"search_term_string\"}}],\"inLanguage\":\"fr-FR\"},{\"@type\":[\"Person\",\"Organization\"],\"@id\":\"https:\\\/\\\/cboudiaf-naturo.fr\\\/#\\\/schema\\\/person\\\/55aac6cee9f9fdafb789f2c511ff93bd\",\"name\":\"boudiaan\",\"image\":{\"@type\":\"ImageObject\",\"inLanguage\":\"fr-FR\",\"@id\":\"https:\\\/\\\/secure.gravatar.com\\\/avatar\\\/ee01390e07613bdd35b97157f18d38d26e9aab3487bd3a4299646e9ee8e484ec?s=96&d=mm&r=g\",\"url\":\"https:\\\/\\\/secure.gravatar.com\\\/avatar\\\/ee01390e07613bdd35b97157f18d38d26e9aab3487bd3a4299646e9ee8e484ec?s=96&d=mm&r=g\",\"contentUrl\":\"https:\\\/\\\/secure.gravatar.com\\\/avatar\\\/ee01390e07613bdd35b97157f18d38d26e9aab3487bd3a4299646e9ee8e484ec?s=96&d=mm&r=g\",\"caption\":\"boudiaan\"},\"logo\":{\"@id\":\"https:\\\/\\\/secure.gravatar.com\\\/avatar\\\/ee01390e07613bdd35b97157f18d38d26e9aab3487bd3a4299646e9ee8e484ec?s=96&d=mm&r=g\"}}]}<\/script>\n<!-- \/ Yoast SEO plugin. -->","yoast_head_json":{"title":"Les prestations de bien-\u00eatre, massages, relaxation, yoga.","description":"Le Bien-Etre, Modelage et harmonisation manuelle aux huiles essentielles, pierres chaudes, r\u00e9flexologie plantaire, relaxation et cours individuels de Yoga","robots":{"index":"index","follow":"follow","max-snippet":"max-snippet:-1","max-image-preview":"max-image-preview:large","max-video-preview":"max-video-preview:-1"},"canonical":"http:\/\/cboudiaf-naturo.fr\/index.php\/bien-etre\/","og_locale":"fr_FR","og_type":"article","og_title":"Les prestations de bien-\u00eatre, massages, relaxation, yoga.","og_description":"Le Bien-Etre, Modelage et harmonisation manuelle aux huiles essentielles, pierres chaudes, r\u00e9flexologie plantaire, relaxation et cours individuels de Yoga","og_url":"http:\/\/cboudiaf-naturo.fr\/index.php\/bien-etre\/","og_site_name":"Catherine BOUDIAF Naturopathe","article_modified_time":"2025-04-06T09:03:09+00:00","twitter_card":"summary_large_image","twitter_misc":{"Dur\u00e9e de lecture estim\u00e9e":"1 minute"},"schema":{"@context":"https:\/\/schema.org","@graph":[{"@type":"WebPage","@id":"http:\/\/cboudiaf-naturo.fr\/index.php\/bien-etre\/","url":"http:\/\/cboudiaf-naturo.fr\/index.php\/bien-etre\/","name":"Les prestations de bien-\u00eatre, massages, relaxation, yoga.","isPartOf":{"@id":"https:\/\/cboudiaf-naturo.fr\/#website"},"datePublished":"2015-11-07T10:51:01+00:00","dateModified":"2025-04-06T09:03:09+00:00","description":"Le Bien-Etre, Modelage et harmonisation manuelle aux huiles essentielles, pierres chaudes, r\u00e9flexologie plantaire, relaxation et cours individuels de Yoga","breadcrumb":{"@id":"http:\/\/cboudiaf-naturo.fr\/index.php\/bien-etre\/#breadcrumb"},"inLanguage":"fr-FR","potentialAction":[{"@type":"ReadAction","target":["http:\/\/cboudiaf-naturo.fr\/index.php\/bien-etre\/"]}]},{"@type":"BreadcrumbList","@id":"http:\/\/cboudiaf-naturo.fr\/index.php\/bien-etre\/#breadcrumb","itemListElement":[{"@type":"ListItem","position":1,"name":"Accueil","item":"https:\/\/cboudiaf-naturo.fr\/"},{"@type":"ListItem","position":2,"name":"Le bien-\u00eatre"}]},{"@type":"WebSite","@id":"https:\/\/cboudiaf-naturo.fr\/#website","url":"https:\/\/cboudiaf-naturo.fr\/","name":"Catherine BOUDIAF Naturopathe","description":"naturopathie gestion du stress yoga massages bien-\u00eatre","publisher":{"@id":"https:\/\/cboudiaf-naturo.fr\/#\/schema\/person\/55aac6cee9f9fdafb789f2c511ff93bd"},"potentialAction":[{"@type":"SearchAction","target":{"@type":"EntryPoint","urlTemplate":"https:\/\/cboudiaf-naturo.fr\/?s={search_term_string}"},"query-input":{"@type":"PropertyValueSpecification","valueRequired":true,"valueName":"search_term_string"}}],"inLanguage":"fr-FR"},{"@type":["Person","Organization"],"@id":"https:\/\/cboudiaf-naturo.fr\/#\/schema\/person\/55aac6cee9f9fdafb789f2c511ff93bd","name":"boudiaan","image":{"@type":"ImageObject","inLanguage":"fr-FR","@id":"https:\/\/secure.gravatar.com\/avatar\/ee01390e07613bdd35b97157f18d38d26e9aab3487bd3a4299646e9ee8e484ec?s=96&d=mm&r=g","url":"https:\/\/secure.gravatar.com\/avatar\/ee01390e07613bdd35b97157f18d38d26e9aab3487bd3a4299646e9ee8e484ec?s=96&d=mm&r=g","contentUrl":"https:\/\/secure.gravatar.com\/avatar\/ee01390e07613bdd35b97157f18d38d26e9aab3487bd3a4299646e9ee8e484ec?s=96&d=mm&r=g","caption":"boudiaan"},"logo":{"@id":"https:\/\/secure.gravatar.com\/avatar\/ee01390e07613bdd35b97157f18d38d26e9aab3487bd3a4299646e9ee8e484ec?s=96&d=mm&r=g"}}]}},"_links":{"self":[{"href":"http:\/\/cboudiaf-naturo.fr\/index.php\/wp-json\/wp\/v2\/pages\/26","targetHints":{"allow":["GET"]}}],"collection":[{"href":"http:\/\/cboudiaf-naturo.fr\/index.php\/wp-json\/wp\/v2\/pages"}],"about":[{"href":"http:\/\/cboudiaf-naturo.fr\/index.php\/wp-json\/wp\/v2\/types\/page"}],"author":[{"embeddable":true,"href":"http:\/\/cboudiaf-naturo.fr\/index.php\/wp-json\/wp\/v2\/users\/1"}],"replies":[{"embeddable":true,"href":"http:\/\/cboudiaf-naturo.fr\/index.php\/wp-json\/wp\/v2\/comments?post=26"}],"version-history":[{"count":5,"href":"http:\/\/cboudiaf-naturo.fr\/index.php\/wp-json\/wp\/v2\/pages\/26\/revisions"}],"predecessor-version":[{"id":949,"href":"http:\/\/cboudiaf-naturo.fr\/index.php\/wp-json\/wp\/v2\/pages\/26\/revisions\/949"}],"wp:attachment":[{"href":"http:\/\/cboudiaf-naturo.fr\/index.php\/wp-json\/wp\/v2\/media?parent=26"}],"curies":[{"name":"wp","href":"https:\/\/api.w.org\/{rel}","templated":true}]}}