{"id":31,"date":"2015-11-07T12:11:49","date_gmt":"2015-11-07T11:11:49","guid":{"rendered":"http:\/\/cboudiaf-naturo.fr\/?page_id=31"},"modified":"2025-04-06T11:03:59","modified_gmt":"2025-04-06T09:03:59","slug":"cours","status":"publish","type":"page","link":"http:\/\/cboudiaf-naturo.fr\/index.php\/cours\/","title":{"rendered":"Les cours"},"content":{"rendered":"<div class=\"wa-comp wa-text wa-bg-gradient param[grad(rgba(0,0,0,0)) border(0 #969696)] \">\n<div>\n<h2 style=\"text-align: left;\" align=\"center\"><span style=\"font-size: 14pt;\">Cours de Yoga:<\/span><\/h2>\n<\/div>\n<\/div>\n<div class=\"wa-comp wa-text wa-bg-gradient param[grad(rgba(0,0,0,0)) border(0 #969696)] \">\n<div align=\"left\"><span style=\"font-size: 12pt;\">Cours individuels de yoga au cabinet sur rendez vous.<\/span><\/div>\n<div align=\"left\"><\/div>\n<\/div>\n<div align=\"left\">.<\/div>\n<div align=\"left\"><\/div>\n<div align=\"left\">Cours collectifs:<\/div>\n<div align=\"left\"><\/div>\n<div align=\"left\">Ploun\u00e9vez-Quintin<\/div>\n<div align=\"left\">salle de la mairie:<\/div>\n<div align=\"left\">les lundi:<\/div>\n<div align=\"left\">\u00a0 \u00a0 \u00a0 \u00a0 \u00a0 \u00a0 \u00a0 \u00a0 \u00a0 de 14h00 \u00e0 16h.<\/div>\n<div align=\"left\">\u00a0 \u00a0 \u00a0 \u00a0 \u00a0 \u00a0 \u00a0 \u00a0 \u00a0 de 18h30 \u00e0 20h30.<\/div>\n<div align=\"left\"><\/div>\n<div align=\"left\">\n<div align=\"left\"><\/div>\n<div align=\"left\"><\/div>\n<\/div>\n<div align=\"left\">\n<div align=\"left\"><\/div>\n<\/div>\n<div align=\"left\">\n<h2 align=\"center\"><\/h2>\n<h2 style=\"text-align: left;\" align=\"center\"><span style=\"font-size: 14pt;\">Cours anti-stress:<\/span><\/h2>\n<\/div>\n<div class=\"wa-comp wa-text wa-bg-gradient param[grad(rgba(0,0,0,0)) border(0 #969696)] \">\n<div align=\"left\">\n<p><span style=\"font-size: 12pt;\">(\u00e9coles, entreprises)\u00a0 Relaxation, respiration, concentration.<\/span><\/p>\n<p><span style=\"font-size: 12pt;\">Cours donn\u00e9s aux \u00e9tudiants dans le cadre de leur pr\u00e9paration aux examens , (baccalaur\u00e9at, concours d&rsquo;entr\u00e9e), Mieux-\u00eatre dans l&rsquo;entreprise. Devis sur demande.<\/span><\/p>\n<\/div>\n<\/div>\n","protected":false},"excerpt":{"rendered":"<p>Cours de Yoga: Cours individuels de yoga au cabinet sur rendez vous. . Cours collectifs: Ploun\u00e9vez-Quintin salle de la mairie: les lundi: \u00a0 \u00a0 \u00a0 \u00a0 \u00a0 \u00a0 \u00a0 \u00a0 \u00a0 de 14h00 \u00e0 16h. \u00a0 \u00a0 \u00a0 \u00a0 \u00a0 \u00a0 \u00a0 \u00a0 \u00a0 de 18h30 \u00e0 20h30. Cours anti-stress: (\u00e9coles, entreprises)\u00a0 Relaxation, respiration, concentration.&hellip;&nbsp;<a href=\"http:\/\/cboudiaf-naturo.fr\/index.php\/cours\/\" rel=\"bookmark\">Lire la suite &raquo;<span class=\"screen-reader-text\">Les cours<\/span><\/a><\/p>\n","protected":false},"author":1,"featured_media":0,"parent":0,"menu_order":0,"comment_status":"closed","ping_status":"closed","template":"","meta":{"neve_meta_sidebar":"full-width","neve_meta_container":"","neve_meta_enable_content_width":"off","neve_meta_content_width":70,"neve_meta_title_alignment":"","neve_meta_author_avatar":"","neve_post_elements_order":"","neve_meta_disable_header":"","neve_meta_disable_footer":"","neve_meta_disable_title":"","_themeisle_gutenberg_block_has_review":false,"footnotes":""},"class_list":["post-31","page","type-page","status-publish","hentry"],"yoast_head":"<!-- This site is optimized with the Yoast SEO plugin v27.5 - https:\/\/yoast.com\/product\/yoast-seo-wordpress\/ -->\n<title>Les cours - Catherine BOUDIAF Naturopathe<\/title>\n<meta name=\"robots\" content=\"index, follow, max-snippet:-1, max-image-preview:large, max-video-preview:-1\" \/>\n<link rel=\"canonical\" href=\"http:\/\/cboudiaf-naturo.fr\/index.php\/cours\/\" \/>\n<meta property=\"og:locale\" content=\"fr_FR\" \/>\n<meta property=\"og:type\" content=\"article\" \/>\n<meta property=\"og:title\" content=\"Les cours - Catherine BOUDIAF Naturopathe\" \/>\n<meta property=\"og:description\" content=\"Cours de Yoga: Cours individuels de yoga au cabinet sur rendez vous. . Cours collectifs: Ploun\u00e9vez-Quintin salle de la mairie: les lundi: \u00a0 \u00a0 \u00a0 \u00a0 \u00a0 \u00a0 \u00a0 \u00a0 \u00a0 de 14h00 \u00e0 16h. \u00a0 \u00a0 \u00a0 \u00a0 \u00a0 \u00a0 \u00a0 \u00a0 \u00a0 de 18h30 \u00e0 20h30. Cours anti-stress: (\u00e9coles, entreprises)\u00a0 Relaxation, respiration, concentration.&hellip;&nbsp;Lire la suite &raquo;Les cours\" \/>\n<meta property=\"og:url\" content=\"http:\/\/cboudiaf-naturo.fr\/index.php\/cours\/\" \/>\n<meta property=\"og:site_name\" content=\"Catherine BOUDIAF Naturopathe\" \/>\n<meta property=\"article:modified_time\" content=\"2025-04-06T09:03:59+00:00\" \/>\n<meta name=\"twitter:card\" content=\"summary_large_image\" \/>\n<meta name=\"twitter:label1\" content=\"Dur\u00e9e de lecture estim\u00e9e\" \/>\n\t<meta name=\"twitter:data1\" content=\"1 minute\" \/>\n<script type=\"application\/ld+json\" class=\"yoast-schema-graph\">{\"@context\":\"https:\\\/\\\/schema.org\",\"@graph\":[{\"@type\":\"WebPage\",\"@id\":\"http:\\\/\\\/cboudiaf-naturo.fr\\\/index.php\\\/cours\\\/\",\"url\":\"http:\\\/\\\/cboudiaf-naturo.fr\\\/index.php\\\/cours\\\/\",\"name\":\"Les cours - Catherine BOUDIAF Naturopathe\",\"isPartOf\":{\"@id\":\"https:\\\/\\\/cboudiaf-naturo.fr\\\/#website\"},\"datePublished\":\"2015-11-07T11:11:49+00:00\",\"dateModified\":\"2025-04-06T09:03:59+00:00\",\"breadcrumb\":{\"@id\":\"http:\\\/\\\/cboudiaf-naturo.fr\\\/index.php\\\/cours\\\/#breadcrumb\"},\"inLanguage\":\"fr-FR\",\"potentialAction\":[{\"@type\":\"ReadAction\",\"target\":[\"http:\\\/\\\/cboudiaf-naturo.fr\\\/index.php\\\/cours\\\/\"]}]},{\"@type\":\"BreadcrumbList\",\"@id\":\"http:\\\/\\\/cboudiaf-naturo.fr\\\/index.php\\\/cours\\\/#breadcrumb\",\"itemListElement\":[{\"@type\":\"ListItem\",\"position\":1,\"name\":\"Accueil\",\"item\":\"https:\\\/\\\/cboudiaf-naturo.fr\\\/\"},{\"@type\":\"ListItem\",\"position\":2,\"name\":\"Les cours\"}]},{\"@type\":\"WebSite\",\"@id\":\"https:\\\/\\\/cboudiaf-naturo.fr\\\/#website\",\"url\":\"https:\\\/\\\/cboudiaf-naturo.fr\\\/\",\"name\":\"Catherine BOUDIAF Naturopathe\",\"description\":\"naturopathie gestion du stress yoga massages bien-\u00eatre\",\"publisher\":{\"@id\":\"https:\\\/\\\/cboudiaf-naturo.fr\\\/#\\\/schema\\\/person\\\/55aac6cee9f9fdafb789f2c511ff93bd\"},\"potentialAction\":[{\"@type\":\"SearchAction\",\"target\":{\"@type\":\"EntryPoint\",\"urlTemplate\":\"https:\\\/\\\/cboudiaf-naturo.fr\\\/?s={search_term_string}\"},\"query-input\":{\"@type\":\"PropertyValueSpecification\",\"valueRequired\":true,\"valueName\":\"search_term_string\"}}],\"inLanguage\":\"fr-FR\"},{\"@type\":[\"Person\",\"Organization\"],\"@id\":\"https:\\\/\\\/cboudiaf-naturo.fr\\\/#\\\/schema\\\/person\\\/55aac6cee9f9fdafb789f2c511ff93bd\",\"name\":\"boudiaan\",\"image\":{\"@type\":\"ImageObject\",\"inLanguage\":\"fr-FR\",\"@id\":\"https:\\\/\\\/secure.gravatar.com\\\/avatar\\\/ee01390e07613bdd35b97157f18d38d26e9aab3487bd3a4299646e9ee8e484ec?s=96&d=mm&r=g\",\"url\":\"https:\\\/\\\/secure.gravatar.com\\\/avatar\\\/ee01390e07613bdd35b97157f18d38d26e9aab3487bd3a4299646e9ee8e484ec?s=96&d=mm&r=g\",\"contentUrl\":\"https:\\\/\\\/secure.gravatar.com\\\/avatar\\\/ee01390e07613bdd35b97157f18d38d26e9aab3487bd3a4299646e9ee8e484ec?s=96&d=mm&r=g\",\"caption\":\"boudiaan\"},\"logo\":{\"@id\":\"https:\\\/\\\/secure.gravatar.com\\\/avatar\\\/ee01390e07613bdd35b97157f18d38d26e9aab3487bd3a4299646e9ee8e484ec?s=96&d=mm&r=g\"}}]}<\/script>\n<!-- \/ Yoast SEO plugin. -->","yoast_head_json":{"title":"Les cours - Catherine BOUDIAF Naturopathe","robots":{"index":"index","follow":"follow","max-snippet":"max-snippet:-1","max-image-preview":"max-image-preview:large","max-video-preview":"max-video-preview:-1"},"canonical":"http:\/\/cboudiaf-naturo.fr\/index.php\/cours\/","og_locale":"fr_FR","og_type":"article","og_title":"Les cours - Catherine BOUDIAF Naturopathe","og_description":"Cours de Yoga: Cours individuels de yoga au cabinet sur rendez vous. . Cours collectifs: Ploun\u00e9vez-Quintin salle de la mairie: les lundi: \u00a0 \u00a0 \u00a0 \u00a0 \u00a0 \u00a0 \u00a0 \u00a0 \u00a0 de 14h00 \u00e0 16h. \u00a0 \u00a0 \u00a0 \u00a0 \u00a0 \u00a0 \u00a0 \u00a0 \u00a0 de 18h30 \u00e0 20h30. Cours anti-stress: (\u00e9coles, entreprises)\u00a0 Relaxation, respiration, concentration.&hellip;&nbsp;Lire la suite &raquo;Les cours","og_url":"http:\/\/cboudiaf-naturo.fr\/index.php\/cours\/","og_site_name":"Catherine BOUDIAF Naturopathe","article_modified_time":"2025-04-06T09:03:59+00:00","twitter_card":"summary_large_image","twitter_misc":{"Dur\u00e9e de lecture estim\u00e9e":"1 minute"},"schema":{"@context":"https:\/\/schema.org","@graph":[{"@type":"WebPage","@id":"http:\/\/cboudiaf-naturo.fr\/index.php\/cours\/","url":"http:\/\/cboudiaf-naturo.fr\/index.php\/cours\/","name":"Les cours - Catherine BOUDIAF Naturopathe","isPartOf":{"@id":"https:\/\/cboudiaf-naturo.fr\/#website"},"datePublished":"2015-11-07T11:11:49+00:00","dateModified":"2025-04-06T09:03:59+00:00","breadcrumb":{"@id":"http:\/\/cboudiaf-naturo.fr\/index.php\/cours\/#breadcrumb"},"inLanguage":"fr-FR","potentialAction":[{"@type":"ReadAction","target":["http:\/\/cboudiaf-naturo.fr\/index.php\/cours\/"]}]},{"@type":"BreadcrumbList","@id":"http:\/\/cboudiaf-naturo.fr\/index.php\/cours\/#breadcrumb","itemListElement":[{"@type":"ListItem","position":1,"name":"Accueil","item":"https:\/\/cboudiaf-naturo.fr\/"},{"@type":"ListItem","position":2,"name":"Les cours"}]},{"@type":"WebSite","@id":"https:\/\/cboudiaf-naturo.fr\/#website","url":"https:\/\/cboudiaf-naturo.fr\/","name":"Catherine BOUDIAF Naturopathe","description":"naturopathie gestion du stress yoga massages bien-\u00eatre","publisher":{"@id":"https:\/\/cboudiaf-naturo.fr\/#\/schema\/person\/55aac6cee9f9fdafb789f2c511ff93bd"},"potentialAction":[{"@type":"SearchAction","target":{"@type":"EntryPoint","urlTemplate":"https:\/\/cboudiaf-naturo.fr\/?s={search_term_string}"},"query-input":{"@type":"PropertyValueSpecification","valueRequired":true,"valueName":"search_term_string"}}],"inLanguage":"fr-FR"},{"@type":["Person","Organization"],"@id":"https:\/\/cboudiaf-naturo.fr\/#\/schema\/person\/55aac6cee9f9fdafb789f2c511ff93bd","name":"boudiaan","image":{"@type":"ImageObject","inLanguage":"fr-FR","@id":"https:\/\/secure.gravatar.com\/avatar\/ee01390e07613bdd35b97157f18d38d26e9aab3487bd3a4299646e9ee8e484ec?s=96&d=mm&r=g","url":"https:\/\/secure.gravatar.com\/avatar\/ee01390e07613bdd35b97157f18d38d26e9aab3487bd3a4299646e9ee8e484ec?s=96&d=mm&r=g","contentUrl":"https:\/\/secure.gravatar.com\/avatar\/ee01390e07613bdd35b97157f18d38d26e9aab3487bd3a4299646e9ee8e484ec?s=96&d=mm&r=g","caption":"boudiaan"},"logo":{"@id":"https:\/\/secure.gravatar.com\/avatar\/ee01390e07613bdd35b97157f18d38d26e9aab3487bd3a4299646e9ee8e484ec?s=96&d=mm&r=g"}}]}},"_links":{"self":[{"href":"http:\/\/cboudiaf-naturo.fr\/index.php\/wp-json\/wp\/v2\/pages\/31","targetHints":{"allow":["GET"]}}],"collection":[{"href":"http:\/\/cboudiaf-naturo.fr\/index.php\/wp-json\/wp\/v2\/pages"}],"about":[{"href":"http:\/\/cboudiaf-naturo.fr\/index.php\/wp-json\/wp\/v2\/types\/page"}],"author":[{"embeddable":true,"href":"http:\/\/cboudiaf-naturo.fr\/index.php\/wp-json\/wp\/v2\/users\/1"}],"replies":[{"embeddable":true,"href":"http:\/\/cboudiaf-naturo.fr\/index.php\/wp-json\/wp\/v2\/comments?post=31"}],"version-history":[{"count":21,"href":"http:\/\/cboudiaf-naturo.fr\/index.php\/wp-json\/wp\/v2\/pages\/31\/revisions"}],"predecessor-version":[{"id":951,"href":"http:\/\/cboudiaf-naturo.fr\/index.php\/wp-json\/wp\/v2\/pages\/31\/revisions\/951"}],"wp:attachment":[{"href":"http:\/\/cboudiaf-naturo.fr\/index.php\/wp-json\/wp\/v2\/media?parent=31"}],"curies":[{"name":"wp","href":"https:\/\/api.w.org\/{rel}","templated":true}]}}