{"id":15,"date":"2015-11-07T11:23:22","date_gmt":"2015-11-07T10:23:22","guid":{"rendered":"http:\/\/cboudiaf-naturo.fr\/?page_id=15"},"modified":"2025-04-06T11:00:10","modified_gmt":"2025-04-06T09:00:10","slug":"accueil","status":"publish","type":"page","link":"https:\/\/cboudiaf-naturo.fr\/","title":{"rendered":"Bienvenue"},"content":{"rendered":"<div class=\"wa-comp wa-text wa-bg-gradient param[grad(rgba(0,0,0,0)) border(0 #969696)] \" style=\"text-align: justify;\"><span style=\"font-size: 12pt;\">Naturopathe, install\u00e9e \u00e0 Saint Nicolas du P\u00e9lem dans les C\u00f4tes d&rsquo;Armor. Mes sp\u00e9cialit\u00e9s, la gestion du stress, les massages bien-\u00eatre, les pierres chaudes, la r\u00e9flexologie plantaire et les s\u00e9ances de moxa.<\/span><\/div>\n<div class=\"wa-comp wa-text wa-bg-gradient param[grad(rgba(0,0,0,0)) border(0 #969696)] \" style=\"text-align: justify;\">\n<div class=\"wa-comp wa-text wa-bg-gradient param[grad(rgba(0,0,0,0)) border(0 #969696)] \">\n<div class=\"waCSStext1xft2wmzhb2il28\">\n<div style=\"text-align: justify;\"><span style=\"font-size: 12pt;\">\u00a0<\/span><\/div>\n<div style=\"text-align: justify;\" align=\"left\"><span style=\"font-size: 12pt;\">Je donne des cours de yoga, des s\u00e9ances de relaxation ainsi que des s\u00e9ances de sophrologie aupr\u00e8s de diff\u00e9rents organismes et des s\u00e9ances de sophrologie et de yoga du rire aupr\u00e8s de personnes atteintes de la maladie d\u2019Alzheimer.<\/span><\/div>\n<div><span style=\"font-size: 12pt;\">\u00a0<\/span><\/div>\n<div align=\"left\"><span style=\"font-size: 12pt;\">Je propose des ateliers \u00e0 la demande dont les th\u00e8mes sont li\u00e9s \u00e0 la gestion du stress et \u00e0 la naturopathie.<\/span><\/div>\n<div align=\"left\"><\/div>\n<\/div>\n<\/div>\n<div class=\"wa-comp wa-text wa-bg-gradient param[grad(rgba(0,0,0,0)) border(0 #969696)] \">\n<div align=\"justify\">\n<p><span style=\"font-size: 12pt;\">Face \u00e0 la loi, le naturopathe exer\u00e7ant correctement son art n&rsquo;est pas inqui\u00e9t\u00e9. Si la loi n&rsquo;autorise en effet la pratique de la m\u00e9decine qu&rsquo;aux d\u00e9tenteurs d&rsquo;un doctorat d&rsquo;\u00e9tat (en m\u00e9decine), et si l&rsquo;article L372 du code de la sant\u00e9 publique d\u00e9finit clairement comme actes r\u00e9serv\u00e9s aux m\u00e9decins le diagnostic et le traitement des maladies r\u00e9elles ou suppos\u00e9es, par un quelconque moyen, le naturopathe n&rsquo;a nullement recours \u00e0 ces pratiques, comme le pr\u00e9cisent notre Charte et notre Code de d\u00e9ontologie.<\/span><\/p>\n<h4>Mon cursus<\/h4>\n<p><span style=\"font-size: 12pt;\">Etudes de 1996 \u00e0 1999 au <a href=\"http:\/\/cenatho.fr\/\" target=\"_blank\" rel=\"noopener noreferrer\">CENATHO<\/a>\u00a0Daniel Kieffer \u00ab\u00a0Coll\u00e8ge Europ\u00e9en de NAturopathie Traditionnelle HOlistique\u00a0\u00bb \u00a0diplom\u00e9e en 1999.\u00a0<\/span><\/p>\n<p><span style=\"font-size: 12pt;\">Inscrite au registre de la \u00ab\u00a0F\u00e9d\u00e9ration Fran\u00e7aise de Naturopathie\u00a0\u00bb\u00a0<a href=\"http:\/\/www.fenahman.fr\/\" target=\"_blank\" rel=\"noopener noreferrer\">FENAHMAN<\/a>\u00a0<\/span><\/p>\n<p><span style=\"font-size: 12pt;\">Membre de <a href=\"http:\/\/www.omnes.fr\/\" target=\"_blank\" rel=\"noopener noreferrer\">l\u2019OMNES<\/a>, Organisation de la M\u00e9decine Naturelle et de l&rsquo;Education Sanitaire<\/span><\/p>\n<\/div>\n<\/div>\n<\/div>\n","protected":false},"excerpt":{"rendered":"<p>Naturopathe, install\u00e9e \u00e0 Saint Nicolas du P\u00e9lem dans les C\u00f4tes d&rsquo;Armor. Mes sp\u00e9cialit\u00e9s, la gestion du stress, les massages bien-\u00eatre, les pierres chaudes, la r\u00e9flexologie plantaire et les s\u00e9ances de moxa. \u00a0 Je donne des cours de yoga, des s\u00e9ances de relaxation ainsi que des s\u00e9ances de sophrologie aupr\u00e8s de diff\u00e9rents organismes et des s\u00e9ances&hellip;&nbsp;<a href=\"https:\/\/cboudiaf-naturo.fr\/\" rel=\"bookmark\">Lire la suite &raquo;<span class=\"screen-reader-text\">Bienvenue<\/span><\/a><\/p>\n","protected":false},"author":1,"featured_media":0,"parent":0,"menu_order":0,"comment_status":"closed","ping_status":"closed","template":"","meta":{"neve_meta_sidebar":"","neve_meta_container":"","neve_meta_enable_content_width":"off","neve_meta_content_width":70,"neve_meta_title_alignment":"","neve_meta_author_avatar":"","neve_post_elements_order":"","neve_meta_disable_header":"","neve_meta_disable_footer":"","neve_meta_disable_title":"","_themeisle_gutenberg_block_has_review":false,"footnotes":""},"class_list":["post-15","page","type-page","status-publish","hentry"],"yoast_head":"<!-- This site is optimized with the Yoast SEO plugin v27.4 - https:\/\/yoast.com\/product\/yoast-seo-wordpress\/ -->\n<title>Bienvenue - Catherine BOUDIAF Naturopathe<\/title>\n<meta name=\"description\" content=\"Naturopathe, install\u00e9e \u00e0 Quintin dans les C\u00f4tes d&#039;Armor depuis 2004, form\u00e9e au CENATHO, diplom\u00e9e PHENAMAN, membre de l&#039;OMNES\" \/>\n<meta name=\"robots\" content=\"index, follow, max-snippet:-1, max-image-preview:large, max-video-preview:-1\" \/>\n<link rel=\"canonical\" href=\"https:\/\/cboudiaf-naturo.fr\/\" \/>\n<meta property=\"og:locale\" content=\"fr_FR\" \/>\n<meta property=\"og:type\" content=\"article\" \/>\n<meta property=\"og:title\" content=\"Bienvenue - Catherine BOUDIAF Naturopathe\" \/>\n<meta property=\"og:description\" content=\"Naturopathe, install\u00e9e \u00e0 Quintin dans les C\u00f4tes d&#039;Armor depuis 2004, form\u00e9e au CENATHO, diplom\u00e9e PHENAMAN, membre de l&#039;OMNES\" \/>\n<meta property=\"og:url\" content=\"https:\/\/cboudiaf-naturo.fr\/\" \/>\n<meta property=\"og:site_name\" content=\"Catherine BOUDIAF Naturopathe\" \/>\n<meta property=\"article:modified_time\" content=\"2025-04-06T09:00:10+00:00\" \/>\n<meta name=\"twitter:card\" content=\"summary_large_image\" \/>\n<meta name=\"twitter:label1\" content=\"Dur\u00e9e de lecture estim\u00e9e\" \/>\n\t<meta name=\"twitter:data1\" content=\"2 minutes\" \/>\n<script type=\"application\/ld+json\" class=\"yoast-schema-graph\">{\"@context\":\"https:\\\/\\\/schema.org\",\"@graph\":[{\"@type\":\"WebPage\",\"@id\":\"https:\\\/\\\/cboudiaf-naturo.fr\\\/\",\"url\":\"https:\\\/\\\/cboudiaf-naturo.fr\\\/\",\"name\":\"Bienvenue - Catherine BOUDIAF Naturopathe\",\"isPartOf\":{\"@id\":\"https:\\\/\\\/cboudiaf-naturo.fr\\\/#website\"},\"datePublished\":\"2015-11-07T10:23:22+00:00\",\"dateModified\":\"2025-04-06T09:00:10+00:00\",\"description\":\"Naturopathe, install\u00e9e \u00e0 Quintin dans les C\u00f4tes d'Armor depuis 2004, form\u00e9e au CENATHO, diplom\u00e9e PHENAMAN, membre de l'OMNES\",\"breadcrumb\":{\"@id\":\"https:\\\/\\\/cboudiaf-naturo.fr\\\/#breadcrumb\"},\"inLanguage\":\"fr-FR\",\"potentialAction\":[{\"@type\":\"ReadAction\",\"target\":[\"https:\\\/\\\/cboudiaf-naturo.fr\\\/\"]}]},{\"@type\":\"BreadcrumbList\",\"@id\":\"https:\\\/\\\/cboudiaf-naturo.fr\\\/#breadcrumb\",\"itemListElement\":[{\"@type\":\"ListItem\",\"position\":1,\"name\":\"Accueil\",\"item\":\"https:\\\/\\\/cboudiaf-naturo.fr\\\/\"},{\"@type\":\"ListItem\",\"position\":2,\"name\":\"Bienvenue\"}]},{\"@type\":\"WebSite\",\"@id\":\"https:\\\/\\\/cboudiaf-naturo.fr\\\/#website\",\"url\":\"https:\\\/\\\/cboudiaf-naturo.fr\\\/\",\"name\":\"Catherine BOUDIAF Naturopathe\",\"description\":\"naturopathie gestion du stress yoga massages bien-\u00eatre\",\"publisher\":{\"@id\":\"https:\\\/\\\/cboudiaf-naturo.fr\\\/#\\\/schema\\\/person\\\/55aac6cee9f9fdafb789f2c511ff93bd\"},\"potentialAction\":[{\"@type\":\"SearchAction\",\"target\":{\"@type\":\"EntryPoint\",\"urlTemplate\":\"https:\\\/\\\/cboudiaf-naturo.fr\\\/?s={search_term_string}\"},\"query-input\":{\"@type\":\"PropertyValueSpecification\",\"valueRequired\":true,\"valueName\":\"search_term_string\"}}],\"inLanguage\":\"fr-FR\"},{\"@type\":[\"Person\",\"Organization\"],\"@id\":\"https:\\\/\\\/cboudiaf-naturo.fr\\\/#\\\/schema\\\/person\\\/55aac6cee9f9fdafb789f2c511ff93bd\",\"name\":\"boudiaan\",\"image\":{\"@type\":\"ImageObject\",\"inLanguage\":\"fr-FR\",\"@id\":\"https:\\\/\\\/secure.gravatar.com\\\/avatar\\\/ee01390e07613bdd35b97157f18d38d26e9aab3487bd3a4299646e9ee8e484ec?s=96&d=mm&r=g\",\"url\":\"https:\\\/\\\/secure.gravatar.com\\\/avatar\\\/ee01390e07613bdd35b97157f18d38d26e9aab3487bd3a4299646e9ee8e484ec?s=96&d=mm&r=g\",\"contentUrl\":\"https:\\\/\\\/secure.gravatar.com\\\/avatar\\\/ee01390e07613bdd35b97157f18d38d26e9aab3487bd3a4299646e9ee8e484ec?s=96&d=mm&r=g\",\"caption\":\"boudiaan\"},\"logo\":{\"@id\":\"https:\\\/\\\/secure.gravatar.com\\\/avatar\\\/ee01390e07613bdd35b97157f18d38d26e9aab3487bd3a4299646e9ee8e484ec?s=96&d=mm&r=g\"}}]}<\/script>\n<!-- \/ Yoast SEO plugin. -->","yoast_head_json":{"title":"Bienvenue - Catherine BOUDIAF Naturopathe","description":"Naturopathe, install\u00e9e \u00e0 Quintin dans les C\u00f4tes d'Armor depuis 2004, form\u00e9e au CENATHO, diplom\u00e9e PHENAMAN, membre de l'OMNES","robots":{"index":"index","follow":"follow","max-snippet":"max-snippet:-1","max-image-preview":"max-image-preview:large","max-video-preview":"max-video-preview:-1"},"canonical":"https:\/\/cboudiaf-naturo.fr\/","og_locale":"fr_FR","og_type":"article","og_title":"Bienvenue - Catherine BOUDIAF Naturopathe","og_description":"Naturopathe, install\u00e9e \u00e0 Quintin dans les C\u00f4tes d'Armor depuis 2004, form\u00e9e au CENATHO, diplom\u00e9e PHENAMAN, membre de l'OMNES","og_url":"https:\/\/cboudiaf-naturo.fr\/","og_site_name":"Catherine BOUDIAF Naturopathe","article_modified_time":"2025-04-06T09:00:10+00:00","twitter_card":"summary_large_image","twitter_misc":{"Dur\u00e9e de lecture estim\u00e9e":"2 minutes"},"schema":{"@context":"https:\/\/schema.org","@graph":[{"@type":"WebPage","@id":"https:\/\/cboudiaf-naturo.fr\/","url":"https:\/\/cboudiaf-naturo.fr\/","name":"Bienvenue - Catherine BOUDIAF Naturopathe","isPartOf":{"@id":"https:\/\/cboudiaf-naturo.fr\/#website"},"datePublished":"2015-11-07T10:23:22+00:00","dateModified":"2025-04-06T09:00:10+00:00","description":"Naturopathe, install\u00e9e \u00e0 Quintin dans les C\u00f4tes d'Armor depuis 2004, form\u00e9e au CENATHO, diplom\u00e9e PHENAMAN, membre de l'OMNES","breadcrumb":{"@id":"https:\/\/cboudiaf-naturo.fr\/#breadcrumb"},"inLanguage":"fr-FR","potentialAction":[{"@type":"ReadAction","target":["https:\/\/cboudiaf-naturo.fr\/"]}]},{"@type":"BreadcrumbList","@id":"https:\/\/cboudiaf-naturo.fr\/#breadcrumb","itemListElement":[{"@type":"ListItem","position":1,"name":"Accueil","item":"https:\/\/cboudiaf-naturo.fr\/"},{"@type":"ListItem","position":2,"name":"Bienvenue"}]},{"@type":"WebSite","@id":"https:\/\/cboudiaf-naturo.fr\/#website","url":"https:\/\/cboudiaf-naturo.fr\/","name":"Catherine BOUDIAF Naturopathe","description":"naturopathie gestion du stress yoga massages bien-\u00eatre","publisher":{"@id":"https:\/\/cboudiaf-naturo.fr\/#\/schema\/person\/55aac6cee9f9fdafb789f2c511ff93bd"},"potentialAction":[{"@type":"SearchAction","target":{"@type":"EntryPoint","urlTemplate":"https:\/\/cboudiaf-naturo.fr\/?s={search_term_string}"},"query-input":{"@type":"PropertyValueSpecification","valueRequired":true,"valueName":"search_term_string"}}],"inLanguage":"fr-FR"},{"@type":["Person","Organization"],"@id":"https:\/\/cboudiaf-naturo.fr\/#\/schema\/person\/55aac6cee9f9fdafb789f2c511ff93bd","name":"boudiaan","image":{"@type":"ImageObject","inLanguage":"fr-FR","@id":"https:\/\/secure.gravatar.com\/avatar\/ee01390e07613bdd35b97157f18d38d26e9aab3487bd3a4299646e9ee8e484ec?s=96&d=mm&r=g","url":"https:\/\/secure.gravatar.com\/avatar\/ee01390e07613bdd35b97157f18d38d26e9aab3487bd3a4299646e9ee8e484ec?s=96&d=mm&r=g","contentUrl":"https:\/\/secure.gravatar.com\/avatar\/ee01390e07613bdd35b97157f18d38d26e9aab3487bd3a4299646e9ee8e484ec?s=96&d=mm&r=g","caption":"boudiaan"},"logo":{"@id":"https:\/\/secure.gravatar.com\/avatar\/ee01390e07613bdd35b97157f18d38d26e9aab3487bd3a4299646e9ee8e484ec?s=96&d=mm&r=g"}}]}},"_links":{"self":[{"href":"https:\/\/cboudiaf-naturo.fr\/index.php\/wp-json\/wp\/v2\/pages\/15","targetHints":{"allow":["GET"]}}],"collection":[{"href":"https:\/\/cboudiaf-naturo.fr\/index.php\/wp-json\/wp\/v2\/pages"}],"about":[{"href":"https:\/\/cboudiaf-naturo.fr\/index.php\/wp-json\/wp\/v2\/types\/page"}],"author":[{"embeddable":true,"href":"https:\/\/cboudiaf-naturo.fr\/index.php\/wp-json\/wp\/v2\/users\/1"}],"replies":[{"embeddable":true,"href":"https:\/\/cboudiaf-naturo.fr\/index.php\/wp-json\/wp\/v2\/comments?post=15"}],"version-history":[{"count":10,"href":"https:\/\/cboudiaf-naturo.fr\/index.php\/wp-json\/wp\/v2\/pages\/15\/revisions"}],"predecessor-version":[{"id":948,"href":"https:\/\/cboudiaf-naturo.fr\/index.php\/wp-json\/wp\/v2\/pages\/15\/revisions\/948"}],"wp:attachment":[{"href":"https:\/\/cboudiaf-naturo.fr\/index.php\/wp-json\/wp\/v2\/media?parent=15"}],"curies":[{"name":"wp","href":"https:\/\/api.w.org\/{rel}","templated":true}]}}