{"id":35,"date":"2015-11-07T12:28:56","date_gmt":"2015-11-07T11:28:56","guid":{"rendered":"http:\/\/cboudiaf-naturo.fr\/?page_id=35"},"modified":"2025-04-06T11:05:20","modified_gmt":"2025-04-06T09:05:20","slug":"tarifs","status":"publish","type":"page","link":"https:\/\/cboudiaf-naturo.fr\/index.php\/tarifs\/","title":{"rendered":"Les tarifs des diff\u00e9rentes prestations"},"content":{"rendered":"<table class=\" alignright\" style=\"height: 625px;\" width=\"756\">\n<tbody>\n<tr style=\"background-color: #d4ff55;\">\n<td style=\"width: 549px;\"><span style=\"font-size: 12pt;\">Bilan Naturopathique adultes<\/span><\/td>\n<td style=\"width: 81px;\"><span style=\"font-size: 12pt;\">60 \u20ac<\/span><\/td>\n<\/tr>\n<tr>\n<td style=\"width: 549px;\"><span style=\"font-size: 12pt;\">Bilan Naturopathique enfants<\/span><\/td>\n<td style=\"width: 81px;\"><span style=\"font-size: 12pt;\">35 \u20ac<\/span><\/td>\n<\/tr>\n<tr style=\"background-color: #d4ff55;\">\n<td style=\"width: 549px;\"><span style=\"font-size: 12pt;\">Bilan Naturopathique \u00e9tudiants<\/span><\/td>\n<td style=\"width: 81px;\"><span style=\"font-size: 12pt;\">45 \u20ac<\/span><\/td>\n<\/tr>\n<tr>\n<td style=\"width: 549px;\"><span style=\"font-size: 12pt;\">Deuxi\u00e8me consultation et suivantes<\/span><\/td>\n<td style=\"width: 81px;\"><span style=\"font-size: 12pt;\">50 \u20ac<\/span><\/td>\n<\/tr>\n<tr style=\"background-color: #d4ff55;\">\n<td style=\"width: 549px;\"><span style=\"font-size: 12pt;\">Consultation b\u00e9b\u00e9 \u00e0 7 ans<\/span><\/td>\n<td style=\"width: 81px;\"><span style=\"font-size: 12pt;\">30 \u20ac<\/span><\/td>\n<\/tr>\n<tr>\n<td style=\"width: 549px;\"><span style=\"font-size: 12pt;\">Consultation 7 \u00e0 12 ans<\/span><\/td>\n<td style=\"width: 81px;\"><span style=\"font-size: 12pt;\">35 \u20ac<\/span><\/td>\n<\/tr>\n<tr style=\"background-color: #d4ff55;\">\n<td style=\"width: 549px;\"><span style=\"font-size: 12pt;\">Modelage californien aux huiles essentielles<\/span><\/td>\n<td style=\"width: 81px;\"><span style=\"font-size: 12pt;\">55 \u20ac<\/span><\/td>\n<\/tr>\n<tr>\n<td style=\"width: 549px;\"><span style=\"font-size: 12pt;\">Massage aux pierres chaudes<\/span><\/td>\n<td style=\"width: 81px;\"><span style=\"font-size: 12pt;\">60 \u20ac<\/span><\/td>\n<\/tr>\n<tr style=\"background-color: #d4ff55;\">\n<td style=\"width: 549px;\"><span style=\"font-size: 12pt;\">Relaxation<\/span><\/td>\n<td style=\"width: 81px;\"><span style=\"font-size: 12pt;\">45 \u20ac<\/span><\/td>\n<\/tr>\n<tr>\n<td style=\"width: 549px;\"><span style=\"font-size: 12pt;\">R\u00e9flexologie plantaire<\/span><\/td>\n<td style=\"width: 81px;\"><span style=\"font-size: 12pt;\">55 \u20ac<\/span><\/td>\n<\/tr>\n<tr style=\"background-color: #d4ff55;\">\n<td style=\"width: 549px;\"><span style=\"font-size: 12pt;\">S\u00e9ance de moxas<\/span><\/td>\n<td style=\"width: 81px;\"><span style=\"font-size: 12pt;\">55 \u20ac<\/span><\/td>\n<\/tr>\n<tr>\n<td style=\"width: 549px;\"><span style=\"font-size: 12pt;\">Ateliers collectifs en visioconf\u00e9rence. Se renseigner<\/span><\/td>\n<td style=\"width: 81px;\"><\/td>\n<\/tr>\n<tr style=\"background-color: #d4ff55;\">\n<td style=\"width: 549px;\"><span style=\"font-size: 12pt;\">Cours de Yoga collectifs. le trimestre<\/span><\/td>\n<td style=\"width: 81px;\"><span style=\"font-size: 12pt;\">\u00a094\u20ac<\/span><\/td>\n<\/tr>\n<tr>\n<td style=\"width: 549px;\"><span style=\"font-size: 12pt;\">S\u00e9ance individuelle de yoga ou sophrologie<\/span><\/td>\n<td style=\"width: 81px;\"><span style=\"font-size: 12pt;\">35 \u20ac<\/span><\/td>\n<\/tr>\n<tr style=\"background-color: #d4ff55;\">\n<td style=\"width: 549px;\"><span style=\"font-size: 12pt;\">Cours collectifs anti-stress<\/span><\/td>\n<td style=\"width: 81px;\"><span style=\"font-size: 12pt;\">Sur devis<\/span><\/td>\n<\/tr>\n<tr>\n<td style=\"width: 549px;\"><span style=\"font-size: 12pt;\">Cours collectifs de sophrologie<\/span><\/td>\n<td style=\"width: 81px;\"><span style=\"font-size: 12pt;\">Sur devis<\/span><\/td>\n<\/tr>\n<\/tbody>\n<\/table>\n<div><\/div>\n<div class=\"wa-comp wa-text wa-bg-gradient param[grad(rgba(0,0,0,0)) border(2 #006666)] \"><\/div>\n<div class=\"wa-comp wa-text wa-bg-gradient param[grad(rgba(0,0,0,0)) border(0 #969696)] \"><\/div>\n","protected":false},"excerpt":{"rendered":"<p>Bilan Naturopathique adultes 60 \u20ac Bilan Naturopathique enfants 35 \u20ac Bilan Naturopathique \u00e9tudiants 45 \u20ac Deuxi\u00e8me consultation et suivantes 50 \u20ac Consultation b\u00e9b\u00e9 \u00e0 7 ans 30 \u20ac Consultation 7 \u00e0 12 ans 35 \u20ac Modelage californien aux huiles essentielles 55 \u20ac Massage aux pierres chaudes 60 \u20ac Relaxation 45 \u20ac R\u00e9flexologie plantaire 55 \u20ac&hellip;&nbsp;<a href=\"https:\/\/cboudiaf-naturo.fr\/index.php\/tarifs\/\" rel=\"bookmark\">Lire la suite &raquo;<span class=\"screen-reader-text\">Les tarifs des diff\u00e9rentes prestations<\/span><\/a><\/p>\n","protected":false},"author":1,"featured_media":0,"parent":0,"menu_order":0,"comment_status":"closed","ping_status":"closed","template":"","meta":{"neve_meta_sidebar":"full-width","neve_meta_container":"","neve_meta_enable_content_width":"off","neve_meta_content_width":70,"neve_meta_title_alignment":"","neve_meta_author_avatar":"","neve_post_elements_order":"","neve_meta_disable_header":"","neve_meta_disable_footer":"","neve_meta_disable_title":"","_themeisle_gutenberg_block_has_review":false,"footnotes":""},"class_list":["post-35","page","type-page","status-publish","hentry"],"yoast_head":"<!-- This site is optimized with the Yoast SEO plugin v27.4 - https:\/\/yoast.com\/product\/yoast-seo-wordpress\/ -->\n<title>Tarifs des diff\u00e9rentes prestations propos\u00e9es par le cabinet de naturopathie.<\/title>\n<meta name=\"description\" content=\"Tarifs des diff\u00e9rentes prestations du cabinet, en naturopathie, activit\u00e9s de bien-\u00eatre, cours de yoga, de relaxation, r\u00e9flexologie, ateliers.\" \/>\n<meta name=\"robots\" content=\"index, follow, max-snippet:-1, max-image-preview:large, max-video-preview:-1\" \/>\n<link rel=\"canonical\" href=\"http:\/\/cboudiaf-naturo.fr\/index.php\/tarifs\/\" \/>\n<meta property=\"og:locale\" content=\"fr_FR\" \/>\n<meta property=\"og:type\" content=\"article\" \/>\n<meta property=\"og:title\" content=\"Tarifs des diff\u00e9rentes prestations propos\u00e9es par le cabinet de naturopathie.\" \/>\n<meta property=\"og:description\" content=\"Tarifs des diff\u00e9rentes prestations du cabinet, en naturopathie, activit\u00e9s de bien-\u00eatre, cours de yoga, de relaxation, r\u00e9flexologie, ateliers.\" \/>\n<meta property=\"og:url\" content=\"http:\/\/cboudiaf-naturo.fr\/index.php\/tarifs\/\" \/>\n<meta property=\"og:site_name\" content=\"Catherine BOUDIAF Naturopathe\" \/>\n<meta property=\"article:modified_time\" content=\"2025-04-06T09:05:20+00:00\" \/>\n<meta name=\"twitter:card\" content=\"summary_large_image\" \/>\n<meta name=\"twitter:label1\" content=\"Dur\u00e9e de lecture estim\u00e9e\" \/>\n\t<meta name=\"twitter:data1\" content=\"1 minute\" \/>\n<script type=\"application\/ld+json\" class=\"yoast-schema-graph\">{\"@context\":\"https:\\\/\\\/schema.org\",\"@graph\":[{\"@type\":\"WebPage\",\"@id\":\"http:\\\/\\\/cboudiaf-naturo.fr\\\/index.php\\\/tarifs\\\/\",\"url\":\"http:\\\/\\\/cboudiaf-naturo.fr\\\/index.php\\\/tarifs\\\/\",\"name\":\"Tarifs des diff\u00e9rentes prestations propos\u00e9es par le cabinet de naturopathie.\",\"isPartOf\":{\"@id\":\"https:\\\/\\\/cboudiaf-naturo.fr\\\/#website\"},\"datePublished\":\"2015-11-07T11:28:56+00:00\",\"dateModified\":\"2025-04-06T09:05:20+00:00\",\"description\":\"Tarifs des diff\u00e9rentes prestations du cabinet, en naturopathie, activit\u00e9s de bien-\u00eatre, cours de yoga, de relaxation, r\u00e9flexologie, ateliers.\",\"breadcrumb\":{\"@id\":\"http:\\\/\\\/cboudiaf-naturo.fr\\\/index.php\\\/tarifs\\\/#breadcrumb\"},\"inLanguage\":\"fr-FR\",\"potentialAction\":[{\"@type\":\"ReadAction\",\"target\":[\"http:\\\/\\\/cboudiaf-naturo.fr\\\/index.php\\\/tarifs\\\/\"]}]},{\"@type\":\"BreadcrumbList\",\"@id\":\"http:\\\/\\\/cboudiaf-naturo.fr\\\/index.php\\\/tarifs\\\/#breadcrumb\",\"itemListElement\":[{\"@type\":\"ListItem\",\"position\":1,\"name\":\"Accueil\",\"item\":\"https:\\\/\\\/cboudiaf-naturo.fr\\\/\"},{\"@type\":\"ListItem\",\"position\":2,\"name\":\"Les tarifs des diff\u00e9rentes prestations\"}]},{\"@type\":\"WebSite\",\"@id\":\"https:\\\/\\\/cboudiaf-naturo.fr\\\/#website\",\"url\":\"https:\\\/\\\/cboudiaf-naturo.fr\\\/\",\"name\":\"Catherine BOUDIAF Naturopathe\",\"description\":\"naturopathie gestion du stress yoga massages bien-\u00eatre\",\"publisher\":{\"@id\":\"https:\\\/\\\/cboudiaf-naturo.fr\\\/#\\\/schema\\\/person\\\/55aac6cee9f9fdafb789f2c511ff93bd\"},\"potentialAction\":[{\"@type\":\"SearchAction\",\"target\":{\"@type\":\"EntryPoint\",\"urlTemplate\":\"https:\\\/\\\/cboudiaf-naturo.fr\\\/?s={search_term_string}\"},\"query-input\":{\"@type\":\"PropertyValueSpecification\",\"valueRequired\":true,\"valueName\":\"search_term_string\"}}],\"inLanguage\":\"fr-FR\"},{\"@type\":[\"Person\",\"Organization\"],\"@id\":\"https:\\\/\\\/cboudiaf-naturo.fr\\\/#\\\/schema\\\/person\\\/55aac6cee9f9fdafb789f2c511ff93bd\",\"name\":\"boudiaan\",\"image\":{\"@type\":\"ImageObject\",\"inLanguage\":\"fr-FR\",\"@id\":\"https:\\\/\\\/secure.gravatar.com\\\/avatar\\\/ee01390e07613bdd35b97157f18d38d26e9aab3487bd3a4299646e9ee8e484ec?s=96&d=mm&r=g\",\"url\":\"https:\\\/\\\/secure.gravatar.com\\\/avatar\\\/ee01390e07613bdd35b97157f18d38d26e9aab3487bd3a4299646e9ee8e484ec?s=96&d=mm&r=g\",\"contentUrl\":\"https:\\\/\\\/secure.gravatar.com\\\/avatar\\\/ee01390e07613bdd35b97157f18d38d26e9aab3487bd3a4299646e9ee8e484ec?s=96&d=mm&r=g\",\"caption\":\"boudiaan\"},\"logo\":{\"@id\":\"https:\\\/\\\/secure.gravatar.com\\\/avatar\\\/ee01390e07613bdd35b97157f18d38d26e9aab3487bd3a4299646e9ee8e484ec?s=96&d=mm&r=g\"}}]}<\/script>\n<!-- \/ Yoast SEO plugin. -->","yoast_head_json":{"title":"Tarifs des diff\u00e9rentes prestations propos\u00e9es par le cabinet de naturopathie.","description":"Tarifs des diff\u00e9rentes prestations du cabinet, en naturopathie, activit\u00e9s de bien-\u00eatre, cours de yoga, de relaxation, r\u00e9flexologie, ateliers.","robots":{"index":"index","follow":"follow","max-snippet":"max-snippet:-1","max-image-preview":"max-image-preview:large","max-video-preview":"max-video-preview:-1"},"canonical":"http:\/\/cboudiaf-naturo.fr\/index.php\/tarifs\/","og_locale":"fr_FR","og_type":"article","og_title":"Tarifs des diff\u00e9rentes prestations propos\u00e9es par le cabinet de naturopathie.","og_description":"Tarifs des diff\u00e9rentes prestations du cabinet, en naturopathie, activit\u00e9s de bien-\u00eatre, cours de yoga, de relaxation, r\u00e9flexologie, ateliers.","og_url":"http:\/\/cboudiaf-naturo.fr\/index.php\/tarifs\/","og_site_name":"Catherine BOUDIAF Naturopathe","article_modified_time":"2025-04-06T09:05:20+00:00","twitter_card":"summary_large_image","twitter_misc":{"Dur\u00e9e de lecture estim\u00e9e":"1 minute"},"schema":{"@context":"https:\/\/schema.org","@graph":[{"@type":"WebPage","@id":"http:\/\/cboudiaf-naturo.fr\/index.php\/tarifs\/","url":"http:\/\/cboudiaf-naturo.fr\/index.php\/tarifs\/","name":"Tarifs des diff\u00e9rentes prestations propos\u00e9es par le cabinet de naturopathie.","isPartOf":{"@id":"https:\/\/cboudiaf-naturo.fr\/#website"},"datePublished":"2015-11-07T11:28:56+00:00","dateModified":"2025-04-06T09:05:20+00:00","description":"Tarifs des diff\u00e9rentes prestations du cabinet, en naturopathie, activit\u00e9s de bien-\u00eatre, cours de yoga, de relaxation, r\u00e9flexologie, ateliers.","breadcrumb":{"@id":"http:\/\/cboudiaf-naturo.fr\/index.php\/tarifs\/#breadcrumb"},"inLanguage":"fr-FR","potentialAction":[{"@type":"ReadAction","target":["http:\/\/cboudiaf-naturo.fr\/index.php\/tarifs\/"]}]},{"@type":"BreadcrumbList","@id":"http:\/\/cboudiaf-naturo.fr\/index.php\/tarifs\/#breadcrumb","itemListElement":[{"@type":"ListItem","position":1,"name":"Accueil","item":"https:\/\/cboudiaf-naturo.fr\/"},{"@type":"ListItem","position":2,"name":"Les tarifs des diff\u00e9rentes prestations"}]},{"@type":"WebSite","@id":"https:\/\/cboudiaf-naturo.fr\/#website","url":"https:\/\/cboudiaf-naturo.fr\/","name":"Catherine BOUDIAF Naturopathe","description":"naturopathie gestion du stress yoga massages bien-\u00eatre","publisher":{"@id":"https:\/\/cboudiaf-naturo.fr\/#\/schema\/person\/55aac6cee9f9fdafb789f2c511ff93bd"},"potentialAction":[{"@type":"SearchAction","target":{"@type":"EntryPoint","urlTemplate":"https:\/\/cboudiaf-naturo.fr\/?s={search_term_string}"},"query-input":{"@type":"PropertyValueSpecification","valueRequired":true,"valueName":"search_term_string"}}],"inLanguage":"fr-FR"},{"@type":["Person","Organization"],"@id":"https:\/\/cboudiaf-naturo.fr\/#\/schema\/person\/55aac6cee9f9fdafb789f2c511ff93bd","name":"boudiaan","image":{"@type":"ImageObject","inLanguage":"fr-FR","@id":"https:\/\/secure.gravatar.com\/avatar\/ee01390e07613bdd35b97157f18d38d26e9aab3487bd3a4299646e9ee8e484ec?s=96&d=mm&r=g","url":"https:\/\/secure.gravatar.com\/avatar\/ee01390e07613bdd35b97157f18d38d26e9aab3487bd3a4299646e9ee8e484ec?s=96&d=mm&r=g","contentUrl":"https:\/\/secure.gravatar.com\/avatar\/ee01390e07613bdd35b97157f18d38d26e9aab3487bd3a4299646e9ee8e484ec?s=96&d=mm&r=g","caption":"boudiaan"},"logo":{"@id":"https:\/\/secure.gravatar.com\/avatar\/ee01390e07613bdd35b97157f18d38d26e9aab3487bd3a4299646e9ee8e484ec?s=96&d=mm&r=g"}}]}},"_links":{"self":[{"href":"https:\/\/cboudiaf-naturo.fr\/index.php\/wp-json\/wp\/v2\/pages\/35","targetHints":{"allow":["GET"]}}],"collection":[{"href":"https:\/\/cboudiaf-naturo.fr\/index.php\/wp-json\/wp\/v2\/pages"}],"about":[{"href":"https:\/\/cboudiaf-naturo.fr\/index.php\/wp-json\/wp\/v2\/types\/page"}],"author":[{"embeddable":true,"href":"https:\/\/cboudiaf-naturo.fr\/index.php\/wp-json\/wp\/v2\/users\/1"}],"replies":[{"embeddable":true,"href":"https:\/\/cboudiaf-naturo.fr\/index.php\/wp-json\/wp\/v2\/comments?post=35"}],"version-history":[{"count":10,"href":"https:\/\/cboudiaf-naturo.fr\/index.php\/wp-json\/wp\/v2\/pages\/35\/revisions"}],"predecessor-version":[{"id":953,"href":"https:\/\/cboudiaf-naturo.fr\/index.php\/wp-json\/wp\/v2\/pages\/35\/revisions\/953"}],"wp:attachment":[{"href":"https:\/\/cboudiaf-naturo.fr\/index.php\/wp-json\/wp\/v2\/media?parent=35"}],"curies":[{"name":"wp","href":"https:\/\/api.w.org\/{rel}","templated":true}]}}